{"id":147,"date":"2012-03-09T16:01:11","date_gmt":"2012-03-10T00:01:11","guid":{"rendered":"http:\/\/www.damicelli.com\/techblog\/?page_id=147"},"modified":"2023-09-29T18:18:50","modified_gmt":"2023-09-30T01:18:50","slug":"portfolio","status":"publish","type":"page","link":"https:\/\/www.damicelli.com\/es\/portfolio\/","title":{"rendered":"Portfolio"},"content":{"rendered":"<p><\/p>\n<p style=\"text-align: left;\">Las siguientes compa\u00f1\u00edas forman parte de mis clientes de trabajos:<\/p>\n<p style=\"text-align: left; height: 130px;\"><a href=\"http:\/\/www.apahud.com\" target=\"_blank\" rel=\"noopener\"><img data-recalc-dims=\"1\" loading=\"lazy\" decoding=\"async\" data-attachment-id=\"130\" data-permalink=\"https:\/\/www.damicelli.com\/es\/portfolio\/thumb-soler\/\" data-orig-file=\"https:\/\/i0.wp.com\/www.damicelli.com\/wp-content\/uploads\/2012\/03\/thumb-soler.jpg?fit=140%2C126&amp;ssl=1\" data-orig-size=\"140,126\" data-comments-opened=\"1\" data-image-meta=\"{&quot;aperture&quot;:&quot;0&quot;,&quot;credit&quot;:&quot;&quot;,&quot;camera&quot;:&quot;&quot;,&quot;caption&quot;:&quot;&quot;,&quot;created_timestamp&quot;:&quot;0&quot;,&quot;copyright&quot;:&quot;&quot;,&quot;focal_length&quot;:&quot;0&quot;,&quot;iso&quot;:&quot;0&quot;,&quot;shutter_speed&quot;:&quot;0&quot;,&quot;title&quot;:&quot;&quot;}\" data-image-title=\"thumb-soler\" data-image-description=\"\" data-image-caption=\"\" data-medium-file=\"https:\/\/i0.wp.com\/www.damicelli.com\/wp-content\/uploads\/2012\/03\/thumb-soler.jpg?fit=140%2C126&amp;ssl=1\" data-large-file=\"https:\/\/i0.wp.com\/www.damicelli.com\/wp-content\/uploads\/2012\/03\/thumb-soler.jpg?fit=140%2C126&amp;ssl=1\" class=\"alignleft size-full wp-image-130\" style=\"border: 1px solid black; margin-left: 15px; margin-right: 15px;\" title=\"thumb-apahud\" src=\"https:\/\/i0.wp.com\/www.damicelli.com\/wp-content\/uploads\/2012\/03\/thumb-apahud.jpg?resize=140%2C126\" alt=\"APAHUD\" width=\"140\" height=\"126\" \/><\/a><a title=\"APAHUD\" href=\"http:\/\/www.apahud.com\" target=\"_blank\" rel=\"noopener\"><span style=\"color: #ff9900;\">A.P.A.HU.D<\/span><\/a><br \/>\nAsociaci\u00f3n Patrocinadora de Ayuda al Hu\u00e9rfano Discapacitado, organizaci\u00f3n de Rio Tercero, Argentina<\/p>\n<p style=\"height: 130px; text-align: right;\"><a href=\"http:\/\/oceanpacificpm.com\"><img data-recalc-dims=\"1\" loading=\"lazy\" decoding=\"async\" data-attachment-id=\"793\" data-permalink=\"https:\/\/www.damicelli.com\/es\/thumb-oppm\/\" data-orig-file=\"https:\/\/i0.wp.com\/www.damicelli.com\/wp-content\/uploads\/2023\/09\/thumb-oppm-e1696036388901.png?fit=187%2C128&amp;ssl=1\" data-orig-size=\"187,128\" data-comments-opened=\"0\" data-image-meta=\"{&quot;aperture&quot;:&quot;0&quot;,&quot;credit&quot;:&quot;&quot;,&quot;camera&quot;:&quot;&quot;,&quot;caption&quot;:&quot;&quot;,&quot;created_timestamp&quot;:&quot;0&quot;,&quot;copyright&quot;:&quot;&quot;,&quot;focal_length&quot;:&quot;0&quot;,&quot;iso&quot;:&quot;0&quot;,&quot;shutter_speed&quot;:&quot;0&quot;,&quot;title&quot;:&quot;&quot;,&quot;orientation&quot;:&quot;0&quot;}\" data-image-title=\"thumb-oppm\" data-image-description=\"\" data-image-caption=\"\" data-medium-file=\"https:\/\/i0.wp.com\/www.damicelli.com\/wp-content\/uploads\/2023\/09\/thumb-oppm-e1696036388901.png?fit=187%2C128&amp;ssl=1\" data-large-file=\"https:\/\/i0.wp.com\/www.damicelli.com\/wp-content\/uploads\/2023\/09\/thumb-oppm-e1696036388901.png?fit=187%2C128&amp;ssl=1\" class=\"alignright wp-image-793 size-full\" src=\"https:\/\/i0.wp.com\/www.damicelli.com\/wp-content\/uploads\/2023\/09\/thumb-oppm-e1696036388901.png?resize=187%2C128\" alt=\"Ocean Pacific Property Management\" width=\"187\" height=\"128\" \/><\/a><a title=\"Ocean Pacific Property Management\" href=\"http:\/\/www.oceanpacificpm.com\" target=\"_blank\" rel=\"noopener\"><span style=\"color: #ff9900;\">Ocean Pacific Property Management<\/span><\/a><br \/>\nCompa\u00f1\u00eda de gerenciamiento de propiedades en Hermosa Beach, CA, US<\/p>\n<p style=\"height: 130px; text-align: left;\"><a href=\"http:\/\/www.famososyricos.com\" target=\"_blank\" rel=\"noopener\"><img data-recalc-dims=\"1\" loading=\"lazy\" decoding=\"async\" data-attachment-id=\"130\" data-permalink=\"https:\/\/www.damicelli.com\/es\/portfolio\/thumb-soler\/\" data-orig-file=\"https:\/\/i0.wp.com\/www.damicelli.com\/wp-content\/uploads\/2012\/03\/thumb-soler.jpg?fit=140%2C126&amp;ssl=1\" data-orig-size=\"140,126\" data-comments-opened=\"1\" data-image-meta=\"{&quot;aperture&quot;:&quot;0&quot;,&quot;credit&quot;:&quot;&quot;,&quot;camera&quot;:&quot;&quot;,&quot;caption&quot;:&quot;&quot;,&quot;created_timestamp&quot;:&quot;0&quot;,&quot;copyright&quot;:&quot;&quot;,&quot;focal_length&quot;:&quot;0&quot;,&quot;iso&quot;:&quot;0&quot;,&quot;shutter_speed&quot;:&quot;0&quot;,&quot;title&quot;:&quot;&quot;}\" data-image-title=\"thumb-soler\" data-image-description=\"\" data-image-caption=\"\" data-medium-file=\"https:\/\/i0.wp.com\/www.damicelli.com\/wp-content\/uploads\/2012\/03\/thumb-soler.jpg?fit=140%2C126&amp;ssl=1\" data-large-file=\"https:\/\/i0.wp.com\/www.damicelli.com\/wp-content\/uploads\/2012\/03\/thumb-soler.jpg?fit=140%2C126&amp;ssl=1\" class=\"size-full wp-image-130 alignleft\" style=\"border: 1px solid black; margin-left: 15px; margin-right: 15px;\" title=\"thumb-fyr\" src=\"https:\/\/i0.wp.com\/www.damicelli.com\/wp-content\/uploads\/2012\/03\/thumb-fyr.jpg?resize=140%2C126\" alt=\"Famosos y Ricos\" width=\"140\" height=\"126\" \/><\/a><a title=\"Famosos y Ricos\" href=\"http:\/\/www.famososyricos.com\" target=\"_blank\" rel=\"noopener\"><span style=\"color: #ff9900;\">Famosos y Ricos<\/span><\/a><br \/>\nBlog acerca de la vida de los famosos y ricos de Los Angeles, CA, US<\/p>\n<p style=\"height: 130px; text-align: right;\"><a href=\"http:\/\/hackeador.com\"><img data-recalc-dims=\"1\" loading=\"lazy\" decoding=\"async\" data-attachment-id=\"684\" data-permalink=\"https:\/\/www.damicelli.com\/es\/portfolio\/thumb-hack\/\" data-orig-file=\"https:\/\/i0.wp.com\/www.damicelli.com\/wp-content\/uploads\/2018\/02\/thumb-hack.png?fit=223%2C122&amp;ssl=1\" data-orig-size=\"223,122\" data-comments-opened=\"0\" data-image-meta=\"{&quot;aperture&quot;:&quot;0&quot;,&quot;credit&quot;:&quot;&quot;,&quot;camera&quot;:&quot;&quot;,&quot;caption&quot;:&quot;&quot;,&quot;created_timestamp&quot;:&quot;0&quot;,&quot;copyright&quot;:&quot;&quot;,&quot;focal_length&quot;:&quot;0&quot;,&quot;iso&quot;:&quot;0&quot;,&quot;shutter_speed&quot;:&quot;0&quot;,&quot;title&quot;:&quot;&quot;,&quot;orientation&quot;:&quot;0&quot;}\" data-image-title=\"thumb-hack\" data-image-description=\"\" data-image-caption=\"\" data-medium-file=\"https:\/\/i0.wp.com\/www.damicelli.com\/wp-content\/uploads\/2018\/02\/thumb-hack.png?fit=223%2C122&amp;ssl=1\" data-large-file=\"https:\/\/i0.wp.com\/www.damicelli.com\/wp-content\/uploads\/2018\/02\/thumb-hack.png?fit=223%2C122&amp;ssl=1\" class=\"wp-image-684 size-full alignright\" style=\"border: 1px solid black; margin-left: 15px; margin-right: 15px;\" title=\"thumb-hackeador\" src=\"https:\/\/i0.wp.com\/www.damicelli.com\/wp-content\/uploads\/2018\/02\/thumb-hack.png?resize=223%2C122\" alt=\"Hackeador\" width=\"223\" height=\"122\" \/><\/a><a title=\"Hackeador.com\" href=\"http:\/\/www.hackeador.com\" target=\"_blank\" rel=\"noopener\"><span style=\"color: #ff9900;\">Hackeador.com<\/span><\/a><br \/>\nSitio para hackers \u00e9ticos de Los Angeles, CA, US<\/p>\n<p style=\"height: 130px; text-align: left;\"><img data-recalc-dims=\"1\" loading=\"lazy\" decoding=\"async\" data-attachment-id=\"689\" data-permalink=\"https:\/\/www.damicelli.com\/es\/portfolio\/thumb-mml\/\" data-orig-file=\"https:\/\/i0.wp.com\/www.damicelli.com\/wp-content\/uploads\/2018\/02\/thumb-mml.png?fit=220%2C122&amp;ssl=1\" data-orig-size=\"220,122\" data-comments-opened=\"0\" data-image-meta=\"{&quot;aperture&quot;:&quot;0&quot;,&quot;credit&quot;:&quot;&quot;,&quot;camera&quot;:&quot;&quot;,&quot;caption&quot;:&quot;&quot;,&quot;created_timestamp&quot;:&quot;0&quot;,&quot;copyright&quot;:&quot;&quot;,&quot;focal_length&quot;:&quot;0&quot;,&quot;iso&quot;:&quot;0&quot;,&quot;shutter_speed&quot;:&quot;0&quot;,&quot;title&quot;:&quot;&quot;,&quot;orientation&quot;:&quot;0&quot;}\" data-image-title=\"thumb-mml\" data-image-description=\"\" data-image-caption=\"\" data-medium-file=\"https:\/\/i0.wp.com\/www.damicelli.com\/wp-content\/uploads\/2018\/02\/thumb-mml.png?fit=220%2C122&amp;ssl=1\" data-large-file=\"https:\/\/i0.wp.com\/www.damicelli.com\/wp-content\/uploads\/2018\/02\/thumb-mml.png?fit=220%2C122&amp;ssl=1\" class=\"alignleft wp-image-689 size-full\" style=\"border: 1px solid black; margin-left: 15px; margin-right: 15px;\" title=\"thumb-mmlifts\" src=\"https:\/\/i0.wp.com\/www.damicelli.com\/wp-content\/uploads\/2018\/02\/thumb-mml.png?resize=220%2C122\" alt=\"\" width=\"220\" height=\"122\" \/><a title=\"M&amp;M Lifts, Inc.\" href=\"http:\/\/www.mmlifts.com\" target=\"_blank\" rel=\"noopener\"><span style=\"color: #ff9900;\">M&amp;M Lifts, Inc.<\/span><\/a><br \/>\nCompa\u00f1\u00eda de gr\u00faas hidr\u00e1ulicas de Buena Park, CA, US<\/p>\n<p style=\"text-align: right; height: 130px;\"><a href=\"http:\/\/www.robertoromagosa.com\" target=\"_blank\" rel=\"noopener\"><img data-recalc-dims=\"1\" loading=\"lazy\" decoding=\"async\" data-attachment-id=\"130\" data-permalink=\"https:\/\/www.damicelli.com\/es\/portfolio\/thumb-soler\/\" data-orig-file=\"https:\/\/i0.wp.com\/www.damicelli.com\/wp-content\/uploads\/2012\/03\/thumb-soler.jpg?fit=140%2C126&amp;ssl=1\" data-orig-size=\"140,126\" data-comments-opened=\"1\" data-image-meta=\"{&quot;aperture&quot;:&quot;0&quot;,&quot;credit&quot;:&quot;&quot;,&quot;camera&quot;:&quot;&quot;,&quot;caption&quot;:&quot;&quot;,&quot;created_timestamp&quot;:&quot;0&quot;,&quot;copyright&quot;:&quot;&quot;,&quot;focal_length&quot;:&quot;0&quot;,&quot;iso&quot;:&quot;0&quot;,&quot;shutter_speed&quot;:&quot;0&quot;,&quot;title&quot;:&quot;&quot;}\" data-image-title=\"thumb-soler\" data-image-description=\"\" data-image-caption=\"\" data-medium-file=\"https:\/\/i0.wp.com\/www.damicelli.com\/wp-content\/uploads\/2012\/03\/thumb-soler.jpg?fit=140%2C126&amp;ssl=1\" data-large-file=\"https:\/\/i0.wp.com\/www.damicelli.com\/wp-content\/uploads\/2012\/03\/thumb-soler.jpg?fit=140%2C126&amp;ssl=1\" class=\"size-full wp-image-130 alignright\" style=\"border: 1px solid black; margin-left: 15px; margin-right: 15px;\" title=\"thumb-rtf\" src=\"https:\/\/i0.wp.com\/www.damicelli.com\/wp-content\/uploads\/2012\/11\/romagosa.jpg?resize=140%2C126\" alt=\"Romagosa\" width=\"140\" height=\"126\" \/><\/a><a title=\"Roberto Romagosa, CPA CVA\" href=\"http:\/\/www.robertoromagosa.com\" target=\"_blank\" rel=\"noopener\"><span style=\"color: #ff9900;\">Roberto Romagosa, CPA CVA<\/span><\/a><br \/>\nOficina de contadur\u00eda, preparaci\u00f3n de impuestos e inmobiliaria en Downey, CA, US<\/p>\n<p style=\"text-align: left; height: 130px;\"><a href=\"http:\/\/www.solerdental.com\" target=\"_blank\" rel=\"noopener\"><img data-recalc-dims=\"1\" loading=\"lazy\" decoding=\"async\" data-attachment-id=\"130\" data-permalink=\"https:\/\/www.damicelli.com\/es\/portfolio\/thumb-soler\/\" data-orig-file=\"https:\/\/i0.wp.com\/www.damicelli.com\/wp-content\/uploads\/2012\/03\/thumb-soler.jpg?fit=140%2C126&amp;ssl=1\" data-orig-size=\"140,126\" data-comments-opened=\"1\" data-image-meta=\"{&quot;aperture&quot;:&quot;0&quot;,&quot;credit&quot;:&quot;&quot;,&quot;camera&quot;:&quot;&quot;,&quot;caption&quot;:&quot;&quot;,&quot;created_timestamp&quot;:&quot;0&quot;,&quot;copyright&quot;:&quot;&quot;,&quot;focal_length&quot;:&quot;0&quot;,&quot;iso&quot;:&quot;0&quot;,&quot;shutter_speed&quot;:&quot;0&quot;,&quot;title&quot;:&quot;&quot;}\" data-image-title=\"thumb-soler\" data-image-description=\"\" data-image-caption=\"\" data-medium-file=\"https:\/\/i0.wp.com\/www.damicelli.com\/wp-content\/uploads\/2012\/03\/thumb-soler.jpg?fit=140%2C126&amp;ssl=1\" data-large-file=\"https:\/\/i0.wp.com\/www.damicelli.com\/wp-content\/uploads\/2012\/03\/thumb-soler.jpg?fit=140%2C126&amp;ssl=1\" class=\"size-full wp-image-130 alignleft\" style=\"border: 1px solid black; margin-left: 15px; margin-right: 15px;\" title=\"thumb-soler\" src=\"https:\/\/i0.wp.com\/www.damicelli.com\/wp-content\/uploads\/2012\/03\/thumb-soler.jpg?resize=140%2C126\" alt=\"Soler Dental\" width=\"140\" height=\"126\" \/><\/a><a title=\"Soler Dental\" href=\"http:\/\/www.solerdental.com\" target=\"_blank\" rel=\"noopener\"><span style=\"color: #ff9900;\"> Soler Dental<\/span><\/a><br \/>\nOficina de pr\u00e1ctica dental de Los Feliz, CA, US<\/p>\n<p style=\"text-align: right; height: 130px;\"><a href=\"http:\/\/www.tishmanspeyer.com\" target=\"_blank\" rel=\"noopener\"><img data-recalc-dims=\"1\" loading=\"lazy\" decoding=\"async\" data-attachment-id=\"130\" data-permalink=\"https:\/\/www.damicelli.com\/es\/portfolio\/thumb-soler\/\" data-orig-file=\"https:\/\/i0.wp.com\/www.damicelli.com\/wp-content\/uploads\/2012\/03\/thumb-soler.jpg?fit=140%2C126&amp;ssl=1\" data-orig-size=\"140,126\" data-comments-opened=\"1\" data-image-meta=\"{&quot;aperture&quot;:&quot;0&quot;,&quot;credit&quot;:&quot;&quot;,&quot;camera&quot;:&quot;&quot;,&quot;caption&quot;:&quot;&quot;,&quot;created_timestamp&quot;:&quot;0&quot;,&quot;copyright&quot;:&quot;&quot;,&quot;focal_length&quot;:&quot;0&quot;,&quot;iso&quot;:&quot;0&quot;,&quot;shutter_speed&quot;:&quot;0&quot;,&quot;title&quot;:&quot;&quot;}\" data-image-title=\"thumb-soler\" data-image-description=\"\" data-image-caption=\"\" data-medium-file=\"https:\/\/i0.wp.com\/www.damicelli.com\/wp-content\/uploads\/2012\/03\/thumb-soler.jpg?fit=140%2C126&amp;ssl=1\" data-large-file=\"https:\/\/i0.wp.com\/www.damicelli.com\/wp-content\/uploads\/2012\/03\/thumb-soler.jpg?fit=140%2C126&amp;ssl=1\" class=\"size-full wp-image-130 alignright\" style=\"border: 1px solid black; margin-left: 15px; margin-right: 15px;\" title=\"thumb-ts\" src=\"https:\/\/i0.wp.com\/www.damicelli.com\/wp-content\/uploads\/2012\/03\/thumb-ts.jpg?resize=140%2C126\" alt=\"Tishman Speyer Properties\" width=\"140\" height=\"126\" \/><\/a><a title=\"Tishman Speyer\" href=\"http:\/\/www.tishmanspeyer.com\" target=\"_blank\" rel=\"noopener\"><span style=\"color: #ff9900;\">Tishman Speyer Properties<\/span><\/a><br \/>\nOficina de manejo de propiedades edilicias de New York, NY, US<\/p>\n<p style=\"height: 130px; text-align: left;\"><a href=\"http:\/\/valuepaintinginc.com\">Value Painting, Inc.<\/a><a href=\"http:\/\/valuepaintinginc.com\"><img data-recalc-dims=\"1\" loading=\"lazy\" decoding=\"async\" data-attachment-id=\"688\" data-permalink=\"https:\/\/www.damicelli.com\/es\/portfolio\/thumb-vpinc\/\" data-orig-file=\"https:\/\/i0.wp.com\/www.damicelli.com\/wp-content\/uploads\/2018\/02\/thumb-vpinc.png?fit=223%2C122&amp;ssl=1\" data-orig-size=\"223,122\" data-comments-opened=\"0\" data-image-meta=\"{&quot;aperture&quot;:&quot;0&quot;,&quot;credit&quot;:&quot;&quot;,&quot;camera&quot;:&quot;&quot;,&quot;caption&quot;:&quot;&quot;,&quot;created_timestamp&quot;:&quot;0&quot;,&quot;copyright&quot;:&quot;&quot;,&quot;focal_length&quot;:&quot;0&quot;,&quot;iso&quot;:&quot;0&quot;,&quot;shutter_speed&quot;:&quot;0&quot;,&quot;title&quot;:&quot;&quot;,&quot;orientation&quot;:&quot;0&quot;}\" data-image-title=\"thumb-vpinc\" data-image-description=\"\" data-image-caption=\"\" data-medium-file=\"https:\/\/i0.wp.com\/www.damicelli.com\/wp-content\/uploads\/2018\/02\/thumb-vpinc.png?fit=223%2C122&amp;ssl=1\" data-large-file=\"https:\/\/i0.wp.com\/www.damicelli.com\/wp-content\/uploads\/2018\/02\/thumb-vpinc.png?fit=223%2C122&amp;ssl=1\" class=\"alignleft wp-image-688 size-full\" src=\"https:\/\/i0.wp.com\/www.damicelli.com\/wp-content\/uploads\/2018\/02\/thumb-vpinc.png?resize=223%2C122\" alt=\"\" width=\"223\" height=\"122\" \/><\/a><br \/>\nCompa\u00f1\u00eda de pintura comercial de Downey, CA, US<\/p>\n<p><\/p>","protected":false},"excerpt":{"rendered":"<p>Las siguientes compa\u00f1\u00edas forman parte de mis clientes de trabajos: A.P.A.HU.D Asociaci\u00f3n Patrocinadora de Ayuda al Hu\u00e9rfano Discapacitado, organizaci\u00f3n de Rio Tercero, Argentina Ocean Pacific Property Management Compa\u00f1\u00eda de gerenciamiento de propiedades en Hermosa Beach, CA, US Famosos y Ricos Blog acerca de la vida de los famosos y ricos de Los Angeles, CA, US &hellip; <\/p>\n<p class=\"link-more\"><a href=\"https:\/\/www.damicelli.com\/es\/portfolio\/\" class=\"more-link\">Continuar leyendo<span class=\"screen-reader-text\"> \u00abPortfolio\u00bb<\/span><\/a><\/p>\n","protected":false},"author":1,"featured_media":0,"parent":0,"menu_order":2,"comment_status":"closed","ping_status":"closed","template":"","meta":{"footnotes":""},"class_list":["post-147","page","type-page","status-publish","hentry"],"jetpack_sharing_enabled":true,"jetpack_shortlink":"https:\/\/wp.me\/P3q4Dd-2n","jetpack_likes_enabled":true,"_links":{"self":[{"href":"https:\/\/www.damicelli.com\/es\/wp-json\/wp\/v2\/pages\/147","targetHints":{"allow":["GET"]}}],"collection":[{"href":"https:\/\/www.damicelli.com\/es\/wp-json\/wp\/v2\/pages"}],"about":[{"href":"https:\/\/www.damicelli.com\/es\/wp-json\/wp\/v2\/types\/page"}],"author":[{"embeddable":true,"href":"https:\/\/www.damicelli.com\/es\/wp-json\/wp\/v2\/users\/1"}],"replies":[{"embeddable":true,"href":"https:\/\/www.damicelli.com\/es\/wp-json\/wp\/v2\/comments?post=147"}],"version-history":[{"count":97,"href":"https:\/\/www.damicelli.com\/es\/wp-json\/wp\/v2\/pages\/147\/revisions"}],"predecessor-version":[{"id":797,"href":"https:\/\/www.damicelli.com\/es\/wp-json\/wp\/v2\/pages\/147\/revisions\/797"}],"wp:attachment":[{"href":"https:\/\/www.damicelli.com\/es\/wp-json\/wp\/v2\/media?parent=147"}],"curies":[{"name":"wp","href":"https:\/\/api.w.org\/{rel}","templated":true}]}}