{"id":269,"date":"2012-03-14T12:21:11","date_gmt":"2012-03-14T19:21:11","guid":{"rendered":"http:\/\/www.damicelli.com\/?page_id=269"},"modified":"2021-05-11T19:06:15","modified_gmt":"2021-05-12T02:06:15","slug":"home","status":"publish","type":"page","link":"https:\/\/www.damicelli.com\/es\/","title":{"rendered":"Bienvenidos"},"content":{"rendered":"<p>Hola! Mi nombre es Claudio Damicelli, y deseo introducir mediante este sitio web mis servicios de Consultor\u00eda en IT y Dise\u00f1o Web para Peque\u00f1as Empresas.<\/p>\n<p>Con la tecnolog\u00eda que cambia r\u00e1pidamente, es dif\u00edcil para los due\u00f1os de negocios mantenerse al d\u00eda. Tener un consultor de IT apropiado para administrar el an\u00e1lisis y la implementaci\u00f3n de la tecnolog\u00eda disponible puede hacer una gran diferencia en el resultado final, y entre el fracaso o el \u00e9xito.<\/p>\n<p>Puedo ayudarle a realizar una evaluaci\u00f3n de la tecnolog\u00eda disponible para su industria, comparar frente a sus competidores, e identificar los procesos manuales que pueden ser reemplazados con la tecnolog\u00eda para darle una ventaja sobre su competencia.<\/p>\n<p>Puedo ayudar a su negocio en la elecci\u00f3n de la tecnolog\u00eda adecuada para adaptarse a sus necesidades de negocio. Conocer la soluci\u00f3n correcta y tener la capacidad de implementarla con rapidez puede hacer la diferencia entre alcanzar o no los objetivos de negocio.<\/p>\n<p>Cuando se trata de negocios peque\u00f1os, o familiares, sacar ventaja de las \u00faltimas tecnolog\u00edas y mantener sus sistemas operando eficientemente no tiene que costar una fortuna. Yo puedo hacer que su inversi\u00f3n en Tecnolog\u00eda de la Informaci\u00f3n no le cueste un ojo de la cara. He estado brindando servicios personalizados durante m\u00e1s de 20 a\u00f1os a los condados de Los Angeles y Orange, en California, EEUU.<\/p>\n<p>Por favor visite el resto de este sitio para conocer m\u00e1s acerca de mis <a title=\"Services\" href=\"http:\/\/www.damicelli.com\/services\/\">servicios<\/a>, ver mi <a title=\"Portfolio\" href=\"http:\/\/www.damicelli.com\/portfolio\/\">portfolio de trabajos<\/a>, y si tiene cualquier pregunta, no dude en <a title=\"Contact Me\" href=\"http:\/\/www.damicelli.com\/contact\/\">contactarse<\/a>\u00a0 conmigo para una consulta sin compromiso alguno.<\/p>\n<h2>Tambi\u00e9n en esta web&#8230;<\/h2>\n<ul>\n<li>&#8230; puede contratar servicio de <a title=\"Services\" href=\"http:\/\/www.damicelli.com\/services\/\">alojamiento para su web<\/a> a excelentes precios<\/li>\n<li>&#8230; puede leer mis <a title=\"News\" href=\"http:\/\/www.damicelli.com\/news\/\">art\u00edculos t\u00e9cnicos y tutoriales<\/a><\/li>\n<li>&#8230; podr\u00e1 acceder a informaci\u00f3n interesante acerca del chat <a title=\"(Espa\u00f1ol) #Argentina en IRC\" href=\"http:\/\/www.damicelli.com\/argentina-en-irc\/\">IRC en el canal #Argentina<\/a><\/li>\n<\/ul>\n<p>Y m\u00e1s!<\/p>\n<p>\u00a1Gracias por visitarme!<\/p>","protected":false},"excerpt":{"rendered":"<p>Hola! Mi nombre es Claudio Damicelli, y deseo introducir mediante este sitio web mis servicios de Consultor\u00eda en IT y Dise\u00f1o Web para Peque\u00f1as Empresas. Con la tecnolog\u00eda que cambia r\u00e1pidamente, es dif\u00edcil para los due\u00f1os de negocios mantenerse al d\u00eda. Tener un consultor de IT apropiado para administrar el an\u00e1lisis y la implementaci\u00f3n de &hellip; <\/p>\n<p class=\"link-more\"><a href=\"https:\/\/www.damicelli.com\/es\/\" class=\"more-link\">Continuar leyendo<span class=\"screen-reader-text\"> \u00abBienvenidos\u00bb<\/span><\/a><\/p>\n","protected":false},"author":1,"featured_media":0,"parent":0,"menu_order":0,"comment_status":"closed","ping_status":"closed","template":"","meta":{"footnotes":""},"class_list":["post-269","page","type-page","status-publish","hentry"],"jetpack_sharing_enabled":false,"jetpack_shortlink":"https:\/\/wp.me\/P3q4Dd-4l","jetpack_likes_enabled":true,"_links":{"self":[{"href":"https:\/\/www.damicelli.com\/es\/wp-json\/wp\/v2\/pages\/269","targetHints":{"allow":["GET"]}}],"collection":[{"href":"https:\/\/www.damicelli.com\/es\/wp-json\/wp\/v2\/pages"}],"about":[{"href":"https:\/\/www.damicelli.com\/es\/wp-json\/wp\/v2\/types\/page"}],"author":[{"embeddable":true,"href":"https:\/\/www.damicelli.com\/es\/wp-json\/wp\/v2\/users\/1"}],"replies":[{"embeddable":true,"href":"https:\/\/www.damicelli.com\/es\/wp-json\/wp\/v2\/comments?post=269"}],"version-history":[{"count":16,"href":"https:\/\/www.damicelli.com\/es\/wp-json\/wp\/v2\/pages\/269\/revisions"}],"predecessor-version":[{"id":737,"href":"https:\/\/www.damicelli.com\/es\/wp-json\/wp\/v2\/pages\/269\/revisions\/737"}],"wp:attachment":[{"href":"https:\/\/www.damicelli.com\/es\/wp-json\/wp\/v2\/media?parent=269"}],"curies":[{"name":"wp","href":"https:\/\/api.w.org\/{rel}","templated":true}]}}