{"id":28,"date":"2012-03-06T15:58:57","date_gmt":"2012-03-06T23:58:57","guid":{"rendered":"http:\/\/www.damicelli.com\/techblog\/?page_id=28"},"modified":"2023-05-11T15:16:56","modified_gmt":"2023-05-11T22:16:56","slug":"services","status":"publish","type":"page","link":"https:\/\/www.damicelli.com\/es\/services\/","title":{"rendered":"Servicios"},"content":{"rendered":"<p>Lo siguiente es una lista de los servicios que puedo brindarle a su empresa:<\/p>\n<ul>\n<li><strong>Desarrollo, implementaci\u00f3n y mantenimiento de redes<\/strong> (cableadas o inal\u00e1mbricas) para PyMEs (incluyendo routers, switches, puntos de accesso Wi-Fi, y mucho m\u00e1s).<\/li>\n<li><strong>Implementaci\u00f3n de Seguridad en redes<\/strong> (cortafuegos, software de monitoreo de actividades).<\/li>\n<li><strong>Instalaci\u00f3n, configuraci\u00f3n y mantenimiento de servidores<\/strong> en red. Comparta archivos de manera segura con m\u00faltiples usuarios, implemente su propia pol\u00edtica de seguridad a trav\u00e9s de toda la red.<\/li>\n<li><strong>Conexi\u00f3n remota y VPN<\/strong>. Con\u00e9ctese desde cualquier sitio a su servidor en la oficina de manera segura.<\/li>\n<li><strong>Copias de seguridad<\/strong>. Uno de los problemas m\u00e1s comunes es no tener una pol\u00edtica coherente de backups. Recomiendo altamente la utilizaci\u00f3n del <a href=\"https:\/\/www.ibackup.com\/p=damicelli\" target=\"_blank\" rel=\"noopener\">servicio de Ibackup<\/a>, donde sus datos se almacenan en Internet y est\u00e1n disponibles desde cualquier PC para su restauraci\u00f3n.<\/li>\n<li><strong>Recuperaci\u00f3n de datos<\/strong>. Si su PC o Windows no arrancan, casi siempre es posible recuperar sus archivos.<\/li>\n<li><strong>Entrenamiento en Software.<\/strong><\/li>\n<li><strong>Instalaci\u00f3n, mantenimiento y reparaci\u00f3n de PCs<\/strong> incluyendo periferales de todo tipo (impresoras, esc\u00e1ner, lectoras\/grabadoras de CD\/DVD, etc.)<\/li>\n<li><strong>Soporte T\u00e9cnico<\/strong>, resoluci\u00f3n de todo tipo de problemas con software\/hardware.<\/li>\n<li><strong>Dise\u00f1o de nuevos sitios Web<\/strong>, o redise\u00f1o de webs ya existentes.<\/li>\n<li><strong>Comercio electr\u00f3nico<\/strong>. Implementaci\u00f3n de carrito de compras para sus productos.<\/li>\n<li><strong>Registraci\u00f3n de Dominios<\/strong> (.com, .net, .edu, .us, .info, .name, y otras extensiones).<\/li>\n<li><strong>Alojamiento Web<\/strong> a precios muy competitivos (ver planes m\u00e1s abajo).<\/li>\n<li><strong>Marketing con Google AdWords<\/strong>. Asistencia con la creaci\u00f3n y manejo de su campa\u00f1a de marketing por Internet. Seguimiento mediante Google Analytics.<\/li>\n<li>Tambi\u00e9n disponible <strong>asistencia remota<\/strong> (conexi\u00f3n PC a PC directa) utilizando <a href=\"http:\/\/www.teamviewer.com\/\">Teamviewer<\/a> , no importa d\u00f3nde est\u00e9 Ud.! <a href=\"contactar.html\">LLame o escriba<\/a> hoy mismo para solicitar m\u00e1s informaci\u00f3n o un estimado sin cargo!<\/li>\n<\/ul>\n<p><img data-recalc-dims=\"1\" loading=\"lazy\" decoding=\"async\" style=\"border: 0pt none; margin-left: 10px; margin-right: 10px;\" title=\"svc-network\" src=\"https:\/\/i0.wp.com\/www.damicelli.com\/wp-content\/uploads\/2012\/03\/svc-network.jpg?resize=120%2C120\" alt=\"Servicios de Redes\" width=\"120\" height=\"120\" \/><img data-recalc-dims=\"1\" loading=\"lazy\" decoding=\"async\" style=\"border: 0pt none; margin-left: 10px; margin-right: 10px;\" title=\"svc-security\" src=\"https:\/\/i0.wp.com\/www.damicelli.com\/wp-content\/uploads\/2012\/03\/svc-security.jpg?resize=120%2C120\" alt=\"Servicios de Seguridad\" width=\"120\" height=\"120\" \/><img data-recalc-dims=\"1\" loading=\"lazy\" decoding=\"async\" style=\"border: 0pt none; margin-left: 10px; margin-right: 10px;\" title=\"svc-software\" src=\"https:\/\/i0.wp.com\/www.damicelli.com\/wp-content\/uploads\/2012\/03\/svc-software.jpg?resize=120%2C120\" alt=\"Servicios de Software\" width=\"120\" height=\"120\" \/><\/p>\n<h1><\/h1>\n<h1>Planes de Alojamiento para su Web<\/h1>\n<p>Los siguientes planes de alojamiento abarcan las necesidades de la mayor\u00eda de los sitios web:<\/p>\n<h2>\u00a0<img data-recalc-dims=\"1\" loading=\"lazy\" decoding=\"async\" data-attachment-id=\"100\" data-permalink=\"https:\/\/www.damicelli.com\/es\/services\/server\/\" data-orig-file=\"https:\/\/i0.wp.com\/www.damicelli.com\/wp-content\/uploads\/2012\/03\/server.gif?fit=58%2C53&amp;ssl=1\" data-orig-size=\"58,53\" data-comments-opened=\"1\" data-image-meta=\"{&quot;aperture&quot;:&quot;0&quot;,&quot;credit&quot;:&quot;&quot;,&quot;camera&quot;:&quot;&quot;,&quot;caption&quot;:&quot;&quot;,&quot;created_timestamp&quot;:&quot;0&quot;,&quot;copyright&quot;:&quot;&quot;,&quot;focal_length&quot;:&quot;0&quot;,&quot;iso&quot;:&quot;0&quot;,&quot;shutter_speed&quot;:&quot;0&quot;,&quot;title&quot;:&quot;&quot;}\" data-image-title=\"server\" data-image-description=\"\" data-image-caption=\"\" data-medium-file=\"https:\/\/i0.wp.com\/www.damicelli.com\/wp-content\/uploads\/2012\/03\/server.gif?fit=58%2C53&amp;ssl=1\" data-large-file=\"https:\/\/i0.wp.com\/www.damicelli.com\/wp-content\/uploads\/2012\/03\/server.gif?fit=58%2C53&amp;ssl=1\" class=\"alignright size-full wp-image-100\" style=\"border: 0pt none;\" title=\"server\" src=\"https:\/\/i0.wp.com\/www.damicelli.com\/wp-content\/uploads\/2012\/03\/server.gif?resize=58%2C53\" alt=\"server\" width=\"58\" height=\"53\" \/> Plan Starter<\/h2>\n<blockquote><p>2000 MB de espacio 7000 MB de transferencia por mes Extensiones de FrontPage 50 cuentas de e-mail (POP3+webmail) 5 cuentas FTP 10 Bases de Datos (MySQL, PostgreSQL) 5 listas de correo 10 subdominios 10 dominios estacionados 1 dominio adicional Acceso CGI Cpanel con herramientas pre-configuradas:<\/p>\n<ul>\n<li>Mailman Mail List<\/li>\n<li>RoundCube \/ Horde Webmail<\/li>\n<li>Exim Mail Anti-Virus<\/li>\n<li>SpamAssassin Filtro de Spam<\/li>\n<li>Estad\u00edsticas Gr\u00e1ficas &#8211; Webalizer \/ Awstats<\/li>\n<li>Interfaz Gr\u00e1fico para Bases de Datos \/ PHPmyadmin<\/li>\n<\/ul>\n<p>CPanel con m\u00e1s de 40 scripts y programas gratuitos listos para instalar en su website:<\/p>\n<table cellspacing=\"0\" cellpadding=\"0\">\n<tbody>\n<tr>\n<td valign=\"top\" width=\"252\">\n<h3>Blogs:<\/h3>\n<ul>\n<li>b2evolution<\/li>\n<li>Nucleus<\/li>\n<li>WordPress<\/li>\n<\/ul>\n<h3>Clasificados:<\/h3>\n<ul>\n<li>Noah&#8217;s Classifieds<\/li>\n<\/ul>\n<h3>Portales\/CMS:<\/h3>\n<ul>\n<li>Drupal<\/li>\n<li>Geeklog<\/li>\n<li>Joomla 1.5<\/li>\n<li>Joomla (1.0.15)<\/li>\n<li>Mambo Open Source<\/li>\n<li>PHP-Nuke<\/li>\n<li>phpWCMS<\/li>\n<li>phpWebSite<\/li>\n<li>Post-Nuke<\/li>\n<li>Siteframe<\/li>\n<li>Typo3<\/li>\n<li>Xoops<\/li>\n<\/ul>\n<h3>Soporte al Cliente:<\/h3>\n<ul>\n<li>Crafty Syntax Live Help<\/li>\n<li>Help Center Live<\/li>\n<li>osTicket<\/li>\n<li>PerlDesk (Comercial, necesita licencia)<\/li>\n<li>PHP Support Tickets<\/li>\n<li>Support Logic Helpdesk<\/li>\n<li>Support Services Manager<\/li>\n<\/ul>\n<h3>Foros de Discusi\u00f3n:<\/h3>\n<ul>\n<li>phpBB<\/li>\n<li>SMF<\/li>\n<\/ul>\n<h3>Comercio Electr\u00f3nico:<\/h3>\n<ul>\n<li>CubeCart<\/li>\n<li>OS Commerce<\/li>\n<li>Zen Cart<\/li>\n<\/ul>\n<\/td>\n<td valign=\"top\" width=\"278\">\n<h3>Galer\u00edas de Im\u00e1genes:<\/h3>\n<ul>\n<li>4images Gallery<\/li>\n<li>Coppermine Photo Gallery<\/li>\n<li>Gallery<\/li>\n<\/ul>\n<h3>Listas de Correo:<\/h3>\n<ul>\n<li>PHPlist<\/li>\n<\/ul>\n<h3>Encuestas:<\/h3>\n<ul>\n<li>Advanced Poll<\/li>\n<li>LimeSurvey<\/li>\n<li>phpESP<\/li>\n<\/ul>\n<h3>Manejo de Proyectos:<\/h3>\n<ul>\n<li>PHProjekt<\/li>\n<li>dotProject<\/li>\n<\/ul>\n<h3>Construya su Sitio:<\/h3>\n<ul>\n<li>Soholaunch Pro Edition (Comercial, necesita licencia)<\/li>\n<li>Templates Express<\/li>\n<\/ul>\n<h3>Wiki:<\/h3>\n<ul>\n<li>PhpWiki<\/li>\n<li>TikiWiki<\/li>\n<\/ul>\n<h3>Otros Scripts:<\/h3>\n<ul>\n<li>Dew-NewPHPLinks<\/li>\n<li>Moodle<\/li>\n<li>Open-Realty<\/li>\n<li>phpAdsNew<\/li>\n<li>PHPauction<\/li>\n<li>phpFormGenerator<\/li>\n<li>WebCalendar<\/li>\n<li>phpCOIN<\/li>\n<\/ul>\n<h3>FAQ:<\/h3>\n<ul>\n<li>FAQMasterFlex<\/li>\n<\/ul>\n<\/td>\n<\/tr>\n<\/tbody>\n<\/table>\n<p><strong>Tarifa: USD 10.00\/mes <\/strong>No hay costo de activaci\u00f3n!<span class=\"font10px\"> (Se factura una tarifa anual de USD 120.00, requiere tener registrado su propio dominio, por ej. sudominio.com)<\/span><\/p>\n<form action=\"https:\/\/www.paypal.com\/cgi-bin\/webscr\" method=\"post\"><input name=\"cmd\" type=\"hidden\" value=\"_s-xclick\" \/> <input name=\"hosted_button_id\" type=\"hidden\" value=\"3505642\" \/>\u00a0 <img data-recalc-dims=\"1\" loading=\"lazy\" decoding=\"async\" src=\"https:\/\/i0.wp.com\/www.paypal.com\/en_US\/i\/scr\/pixel.gif?resize=1%2C1&#038;ssl=1\" alt=\"\" width=\"1\" height=\"1\" border=\"0\" \/><\/form>\n<\/blockquote>\n<p>&nbsp;<\/p>\n<h2>\u00a0<img data-recalc-dims=\"1\" loading=\"lazy\" decoding=\"async\" data-attachment-id=\"100\" data-permalink=\"https:\/\/www.damicelli.com\/es\/services\/server\/\" data-orig-file=\"https:\/\/i0.wp.com\/www.damicelli.com\/wp-content\/uploads\/2012\/03\/server.gif?fit=58%2C53&amp;ssl=1\" data-orig-size=\"58,53\" data-comments-opened=\"1\" data-image-meta=\"{&quot;aperture&quot;:&quot;0&quot;,&quot;credit&quot;:&quot;&quot;,&quot;camera&quot;:&quot;&quot;,&quot;caption&quot;:&quot;&quot;,&quot;created_timestamp&quot;:&quot;0&quot;,&quot;copyright&quot;:&quot;&quot;,&quot;focal_length&quot;:&quot;0&quot;,&quot;iso&quot;:&quot;0&quot;,&quot;shutter_speed&quot;:&quot;0&quot;,&quot;title&quot;:&quot;&quot;}\" data-image-title=\"server\" data-image-description=\"\" data-image-caption=\"\" data-medium-file=\"https:\/\/i0.wp.com\/www.damicelli.com\/wp-content\/uploads\/2012\/03\/server.gif?fit=58%2C53&amp;ssl=1\" data-large-file=\"https:\/\/i0.wp.com\/www.damicelli.com\/wp-content\/uploads\/2012\/03\/server.gif?fit=58%2C53&amp;ssl=1\" class=\"alignright size-full wp-image-100\" style=\"border: 0pt none;\" title=\"server\" src=\"https:\/\/i0.wp.com\/www.damicelli.com\/wp-content\/uploads\/2012\/03\/server.gif?resize=58%2C53\" alt=\"server\" width=\"58\" height=\"53\" \/> Plan Business<\/h2>\n<blockquote><p>3000 MB de espacio 15000 MB de transferencia por mes Extensiones de FrontPage 250 cuentas de e-mail (POP3+webmail) 5 cuentas FTP 50 Bases de Datos (MySQL, PostgreSQL) 50 listas de correo 50 subdominios 10 dominios estacionados 5 dominios adicional Acceso CGI Cpanel con herramientas pre-configuradas:<\/p>\n<ul>\n<li>Mailman Mail List<\/li>\n<li>RoundCube \/ Horde Webmail<\/li>\n<li>Exim Mail Anti-Virus<\/li>\n<li>SpamAssassin Filtro de Spam<\/li>\n<li>Estad\u00edsticas Gr\u00e1ficas &#8211; Webalizer \/ Awstats<\/li>\n<li>Interfaz Gr\u00e1fico para Bases de Datos \/ PHPmyadmin<\/li>\n<\/ul>\n<p>CPanel con m\u00e1s de 40 scripts y programas gratuitos listos para instalar en su website:<\/p>\n<table cellspacing=\"0\" cellpadding=\"0\">\n<tbody>\n<tr>\n<td valign=\"top\" width=\"252\">\n<h3>Blogs:<\/h3>\n<ul>\n<li>b2evolution<\/li>\n<li>Nucleus<\/li>\n<li>WordPress<\/li>\n<\/ul>\n<h3>Clasificados:<\/h3>\n<ul>\n<li>Noah&#8217;s Classifieds<\/li>\n<\/ul>\n<h3>Portales\/CMS:<\/h3>\n<ul>\n<li>Drupal<\/li>\n<li>Geeklog<\/li>\n<li>Joomla 1.5<\/li>\n<li>Joomla<\/li>\n<li>Mambo Open Source<\/li>\n<li>PHP-Nuke<\/li>\n<li>phpWCMS<\/li>\n<li>phpWebSite<\/li>\n<li>Post-Nuke<\/li>\n<li>Siteframe<\/li>\n<li>Typo3<\/li>\n<li>Xoops<\/li>\n<\/ul>\n<h3>Soporte al Cliente:<\/h3>\n<ul>\n<li>Crafty Syntax Live Help<\/li>\n<li>Help Center Live<\/li>\n<li>osTicket<\/li>\n<li>PerlDesk (Comercial, necesita licencia)<\/li>\n<li>PHP Support Tickets<\/li>\n<li>Support Logic Helpdesk<\/li>\n<li>Support Services Manager<\/li>\n<\/ul>\n<h3>Foros de Discusi\u00f3n:<\/h3>\n<ul>\n<li>phpBB<\/li>\n<li>SMF<\/li>\n<\/ul>\n<h3>Comercio Electr\u00f3nico:<\/h3>\n<ul>\n<li>CubeCart<\/li>\n<li>OS Commerce<\/li>\n<li>Zen Cart<\/li>\n<\/ul>\n<\/td>\n<td valign=\"top\" width=\"278\">\n<h3>Galer\u00edas de Im\u00e1genes:<\/h3>\n<ul>\n<li>4images Gallery<\/li>\n<li>Coppermine Photo Gallery<\/li>\n<li>Gallery<\/li>\n<\/ul>\n<h3>Listas de Correo:<\/h3>\n<ul>\n<li>PHPlist<\/li>\n<\/ul>\n<h3>Encuestas:<\/h3>\n<ul>\n<li>Advanced Poll<\/li>\n<li>LimeSurvey<\/li>\n<li>phpESP<\/li>\n<\/ul>\n<h3>Manejo de Proyectos:<\/h3>\n<ul>\n<li>PHProjekt<\/li>\n<li>dotProject<\/li>\n<\/ul>\n<h3>Construya su Sitio:<\/h3>\n<ul>\n<li>Soholaunch Pro Edition (Comercial, necesita licencia)<\/li>\n<li>Templates Express<\/li>\n<\/ul>\n<h3>Wiki:<\/h3>\n<ul>\n<li>PhpWiki<\/li>\n<li>TikiWiki<\/li>\n<\/ul>\n<h3>Otros Scripts:<\/h3>\n<ul>\n<li>Dew-NewPHPLinks<\/li>\n<li>Moodle<\/li>\n<li>Open-Realty<\/li>\n<li>phpAdsNew<\/li>\n<li>PHPauction<\/li>\n<li>phpFormGenerator<\/li>\n<li>WebCalendar<\/li>\n<li>phpCOIN<\/li>\n<\/ul>\n<h3>FAQ:<\/h3>\n<ul>\n<li>FAQMasterFlex<\/li>\n<\/ul>\n<\/td>\n<\/tr>\n<\/tbody>\n<\/table>\n<p><strong>Tarifa: USD 20.00\/mes <\/strong>No hay costo de activaci\u00f3n!<span class=\"font10px\"> (Se factura una tarifa anual de USD 240.00, requiere tener registrado su propio dominio, por ej. sudominio.com)<\/span><\/p>\n<form action=\"https:\/\/www.paypal.com\/cgi-bin\/webscr\" method=\"post\"><input name=\"cmd\" type=\"hidden\" value=\"_s-xclick\" \/> <input name=\"hosted_button_id\" type=\"hidden\" value=\"3505707\" \/>\u00a0 <img data-recalc-dims=\"1\" loading=\"lazy\" decoding=\"async\" src=\"https:\/\/i0.wp.com\/www.paypal.com\/en_US\/i\/scr\/pixel.gif?resize=1%2C1&#038;ssl=1\" alt=\"\" width=\"1\" height=\"1\" border=\"0\" \/><\/form>\n<\/blockquote>\n<p>Los planes de alojamiento est\u00e1n sujetos a aprobaci\u00f3n y acuerdo con los <a title=\"Terms of Service\" href=\"http:\/\/www.damicelli.com\/services\/tos\/\">T\u00e9rminos de Servicio<\/a>.<\/p>","protected":false},"excerpt":{"rendered":"<p>Lo siguiente es una lista de los servicios que puedo brindarle a su empresa: Desarrollo, implementaci\u00f3n y mantenimiento de redes (cableadas o inal\u00e1mbricas) para PyMEs (incluyendo routers, switches, puntos de accesso Wi-Fi, y mucho m\u00e1s). Implementaci\u00f3n de Seguridad en redes (cortafuegos, software de monitoreo de actividades). Instalaci\u00f3n, configuraci\u00f3n y mantenimiento de servidores en red. Comparta &hellip; <\/p>\n<p class=\"link-more\"><a href=\"https:\/\/www.damicelli.com\/es\/services\/\" class=\"more-link\">Continuar leyendo<span class=\"screen-reader-text\"> \u00abServicios\u00bb<\/span><\/a><\/p>\n","protected":false},"author":1,"featured_media":0,"parent":0,"menu_order":1,"comment_status":"closed","ping_status":"closed","template":"","meta":{"footnotes":""},"class_list":["post-28","page","type-page","status-publish","hentry"],"jetpack_sharing_enabled":true,"jetpack_shortlink":"https:\/\/wp.me\/P3q4Dd-s","jetpack_likes_enabled":true,"_links":{"self":[{"href":"https:\/\/www.damicelli.com\/es\/wp-json\/wp\/v2\/pages\/28","targetHints":{"allow":["GET"]}}],"collection":[{"href":"https:\/\/www.damicelli.com\/es\/wp-json\/wp\/v2\/pages"}],"about":[{"href":"https:\/\/www.damicelli.com\/es\/wp-json\/wp\/v2\/types\/page"}],"author":[{"embeddable":true,"href":"https:\/\/www.damicelli.com\/es\/wp-json\/wp\/v2\/users\/1"}],"replies":[{"embeddable":true,"href":"https:\/\/www.damicelli.com\/es\/wp-json\/wp\/v2\/comments?post=28"}],"version-history":[{"count":38,"href":"https:\/\/www.damicelli.com\/es\/wp-json\/wp\/v2\/pages\/28\/revisions"}],"predecessor-version":[{"id":777,"href":"https:\/\/www.damicelli.com\/es\/wp-json\/wp\/v2\/pages\/28\/revisions\/777"}],"wp:attachment":[{"href":"https:\/\/www.damicelli.com\/es\/wp-json\/wp\/v2\/media?parent=28"}],"curies":[{"name":"wp","href":"https:\/\/api.w.org\/{rel}","templated":true}]}}